{"id":38,"date":"2025-11-18T00:33:03","date_gmt":"2025-11-18T00:33:03","guid":{"rendered":"https:\/\/pcvietnamesebusinessaward.ca\/?page_id=38"},"modified":"2026-04-09T03:39:29","modified_gmt":"2026-04-09T03:39:29","slug":"gala","status":"publish","type":"page","link":"https:\/\/pcvietnamesebusinessaward.ca\/vi\/gala\/","title":{"rendered":"Gala"},"content":{"rendered":"<div class=\"wp-block-group alignfull\"><div class=\"wp-block-group__inner-container is-layout-constrained wp-block-group-is-layout-constrained\">\n<div id=\"wp-block-themeisle-blocks-advanced-columns-20d73736\" class=\"wp-block-themeisle-blocks-advanced-columns alignfull has-1-columns has-desktop-equal-layout has-mobile-equal-layout hide-in-tablet has-vertical-center ticss-c00aadba\"><div class=\"wp-block-themeisle-blocks-advanced-columns-overlay\"><\/div><div class=\"innerblocks-wrap\">\n<div id=\"wp-block-themeisle-blocks-advanced-column-75c71372\" class=\"wp-block-themeisle-blocks-advanced-column\"><div class=\"wp-block-themeisle-blocks-advanced-column-overlay\"><\/div>\n<div id=\"wp-block-themeisle-blocks-advanced-columns-4d9d8402\" class=\"wp-block-themeisle-blocks-advanced-columns has-1-columns has-desktop-equal-layout has-tablet-equal-layout has-mobile-equal-layout has-vertical-unset\"><div class=\"wp-block-themeisle-blocks-advanced-columns-overlay\"><\/div><div class=\"innerblocks-wrap\">\n<div id=\"wp-block-themeisle-blocks-advanced-column-29bb7173\" class=\"wp-block-themeisle-blocks-advanced-column\">\n<p><\/p>\n\n\n\n<h2 class=\"wp-block-heading has-text-align-center has-neve-link-color-color has-text-color has-link-color wp-elements-c8b257d3b2ee70f351841b67ed93a377\">Vietnamese Business Awards Gala<\/h2>\n\n\n\n<h4 class=\"wp-block-heading has-text-align-center\">An Evening Of Celebrating  Your Success<\/h4>\n\n\n\n<p class=\"has-text-align-center has-nv-light-bg-color has-text-color has-link-color wp-elements-7175022c234d67ef3514941009af2796\"><a href=\"https:\/\/www.google.ca\/maps\/place\/River+Rock+Casino+Resort\/@49.1961935,-123.1301244,17z\/data=!3m1!5s0x548674e72f1189a5:0x31938ac369894369!4m9!3m8!1s0x548674e72a79dfb9:0x94c9cb0edc76d721!5m2!4m1!1i2!8m2!3d49.1961935!4d-123.1275495!16zL20vMGRyMGpj?entry=ttu&amp;g_ep=EgoyMDI2MDMyMi4wIKXMDSoASAFQAw%3D%3D\">Wednesday, April 15th, 2026 | 5:30 PM \u2013 10:00 PM PDT | River Rock Casino Resort, 8811 River Rd|<\/a><\/p>\n\n\n\n<div class=\"wp-block-buttons is-content-justification-center is-layout-flex wp-container-core-buttons-is-layout-16018d1d wp-block-buttons-is-layout-flex\">\n<div class=\"wp-block-button is-style-secondary\"><a class=\"wp-block-button__link wp-element-button\" href=\"https:\/\/www.zeffy.com\/en-CA\/ticketing\/peoples-choice-vietnamese-business-award-in-canada\">Buy Tickets Now!<\/a><\/div>\n<\/div>\n<\/div>\n<\/div><\/div>\n\n\n\n<h1 class=\"wp-block-heading has-text-align-center has-neve-link-color-color has-text-color has-link-color wp-elements-dd4cf8316c91dd1018688e1486239e27\"><span style=\"text-decoration: underline;\">Event Details And Highlights<\/span><\/h1>\n\n\n\n<div class=\"wp-block-columns is-not-stacked-on-mobile is-layout-flex wp-container-core-columns-is-layout-9d6595d7 wp-block-columns-is-layout-flex\">\n<div class=\"wp-block-column is-layout-flow wp-block-column-is-layout-flow\">\n<h2 class=\"wp-block-heading has-text-align-center has-neve-link-color-color has-text-color has-link-color wp-elements-4f182dde4087ef68dd54c5daaa298717\">Details:<\/h2>\n\n\n\n<p class=\"has-neve-text-color-color has-text-color has-link-color wp-elements-32c4f13c6dd6f49c5731180b52029518\"> <strong>Date:<\/strong> Wed, Apr 15th, 2026.<\/p>\n\n\n\n<p><strong>Time: <\/strong>5:30 PM &#8211; 10:00 PM PDT.<\/p>\n\n\n\n<p><strong>Venue:<\/strong> River Rock Casino Resort<\/p>\n\n\n\n<p><strong>Attire:<\/strong> Semi-Formal \/ Business Casual<\/p>\n<\/div>\n\n\n\n<div class=\"wp-block-column is-layout-flow wp-block-column-is-layout-flow\">\n<h2 class=\"wp-block-heading has-text-align-center has-neve-link-color-color has-text-color has-link-color wp-elements-1528968a01e1bb4ca1b8638aa0c2a7f8\">Highlights:<\/h2>\n\n\n\n<p><strong>Gala Dinner: <\/strong>Guests Are Served A  Four Course Gourmet Dinner<\/p>\n\n\n\n<p><strong>Music:<\/strong> Performance Courtesy Richmond Music School<\/p>\n\n\n\n<p><strong>Entertainment:<\/strong> Traditional Vietnamese and Lion Dances<\/p>\n\n\n\n<div class=\"wp-block-group\"><div class=\"wp-block-group__inner-container is-layout-constrained wp-block-group-is-layout-constrained\">\n<div class=\"wp-block-columns is-layout-flex wp-container-core-columns-is-layout-9d6595d7 wp-block-columns-is-layout-flex\">\n<div class=\"wp-block-column is-layout-flow wp-block-column-is-layout-flow\" style=\"flex-basis:100%\">\n<div id=\"wp-block-themeisle-blocks-advanced-columns-2f1b0fcd\" class=\"wp-block-themeisle-blocks-advanced-columns has-1-columns has-desktop-equal-layout has-tablet-equal-layout has-mobile-equal-layout has-vertical-unset\"><div class=\"wp-block-themeisle-blocks-advanced-columns-overlay\"><\/div><div class=\"innerblocks-wrap\">\n<div id=\"wp-block-themeisle-blocks-advanced-column-4303ae8e\" class=\"wp-block-themeisle-blocks-advanced-column\">\n<div class=\"wp-block-buttons is-layout-flex wp-block-buttons-is-layout-flex\">\n<div class=\"wp-block-button has-custom-width wp-block-button__width-100 is-style-secondary\"><a class=\"wp-block-button__link wp-element-button\" href=\"https:\/\/pcvietnamesebusinessaward.ca\/wp-content\/uploads\/2026\/04\/WhatsApp-Image-2026-04-08-at-3.04.04-PM.jpeg\"><em> Full Itinerary<\/em><\/a><\/div>\n<\/div>\n<\/div>\n<\/div><\/div>\n<\/div>\n<\/div>\n<\/div><\/div>\n<\/div>\n<\/div>\n<\/div>\n<\/div><\/div>\n<\/div><\/div>\n\n\n\n<div class=\"wp-block-group\" style=\"padding-top:var(--wp--preset--spacing--50);padding-bottom:0\"><div class=\"wp-block-group__inner-container is-layout-constrained wp-block-group-is-layout-constrained\">\n<h1 class=\"wp-block-heading has-text-align-center has-neve-link-color-color has-text-color has-link-color wp-elements-b96815991e67aa3e57222fbe6b04aa4c\"><span style=\"text-decoration: underline;\">Why The Gala?<\/span><\/h1>\n\n\n\n<p class=\"has-text-align-center\">The gala is held to honour and celebrate the excellence that defines your businesses. From your unparalleled hospitality and operational efficiency to the vibrant heartbeat of Vietnamese pride, you represent the gold standard of our community. We believe that true progress is born from connection; therefore, we have the highest honour of bringing like-minded individuals together under one roof. Join us as we toast to the milestones of the past year and ignite the collaborations that will shape our collective future.<\/p>\n<\/div><\/div>\n\n\n<style id=\"wpforms-css-vars-1421-block-3954d614-bdc3-4c26-9d71-8bd6326d3521\">\n\t\t\t\t#wpforms-1421.wpforms-block-3954d614-bdc3-4c26-9d71-8bd6326d3521 {\n\t\t\t\t--wpforms-label-color: var(--nv-primary-accent);\n--wpforms-label-sublabel-color: var(--nv-primary-accent);\n--wpforms-page-break-color: var(--nv-primary-accent);\n--wpforms-field-border-radius: 10px;\n--wpforms-field-background-color: #000035;\n--wpforms-field-border-color: var(--nv-light-bg);\n--wpforms-field-border-color-spare: var(--nv-light-bg);\n--wpforms-field-text-color: var(--nv-primary-accent);\n--wpforms-container-padding: 50px;\n--wpforms-container-border-radius: 0px;\n--wpforms-button-border-style: solid;\n--wpforms-button-border-size: 2px;\n--wpforms-button-border-radius: 10px;\n--wpforms-button-background-color: #bdaa7e;\n--wpforms-button-text-color: var(--nv-text-dark-bg);\n--wpforms-button-border-color: rgba( 0, 0, 0, 0 );\n--wpforms-background-color: var(--nv-site-bg);\n--wpforms-field-size-input-height: 50px;\n--wpforms-field-size-input-spacing: 20px;\n--wpforms-field-size-font-size: 18px;\n--wpforms-field-size-line-height: 21px;\n--wpforms-field-size-padding-h: 14px;\n--wpforms-field-size-checkbox-size: 18px;\n--wpforms-field-size-sublabel-spacing: 10px;\n--wpforms-field-size-icon-size: 1.25;\n--wpforms-label-size-font-size: 18px;\n--wpforms-label-size-line-height: 21px;\n--wpforms-label-size-sublabel-font-size: 16px;\n--wpforms-label-size-sublabel-line-height: 19px;\n\t\t\t}\n\t\t\t<\/style><div class=\"wpforms-container wpforms-container-full wpforms-block wpforms-block-3954d614-bdc3-4c26-9d71-8bd6326d3521 wpforms-render-modern\" id=\"wpforms-1421\"><form id=\"wpforms-form-1421\" class=\"wpforms-validate wpforms-form wpforms-ajax-form\" data-formid=\"1421\" method=\"post\" enctype=\"multipart\/form-data\" action=\"\/vi\/wp-json\/wp\/v2\/pages\/38\" data-token=\"139952d93d57d1963ce79d43b9acb655\" data-token-time=\"1776599638\" data-trp-original-action=\"\/vi\/wp-json\/wp\/v2\/pages\/38\"><div class=\"wpforms-head-container\"><div class=\"wpforms-title\">Send Us A Message<\/div><\/div><noscript class=\"wpforms-error-noscript\">Vui l\u00f2ng b\u1eadt JavaScript trong tr\u00ecnh duy\u1ec7t c\u1ee7a b\u1ea1n \u0111\u1ec3 ho\u00e0n th\u00e0nh Form n\u00e0y.<\/noscript><div id=\"wpforms-error-noscript\" style=\"display: none;\">Vui l\u00f2ng b\u1eadt JavaScript trong tr\u00ecnh duy\u1ec7t c\u1ee7a b\u1ea1n \u0111\u1ec3 ho\u00e0n th\u00e0nh Form n\u00e0y.<\/div><div class=\"wpforms-field-container\"><div id=\"wpforms-1421-field_1-container\" class=\"wpforms-field wpforms-field-name\" data-field-type=\"name\" data-field-id=\"1\"><fieldset><legend class=\"wpforms-field-label\">Name <span class=\"wpforms-required-label\" aria-hidden=\"true\">*<\/span><\/legend><div class=\"wpforms-field-row wpforms-field-large\"><div class=\"wpforms-field-row-block wpforms-first wpforms-one-half\"><input type=\"text\" id=\"wpforms-1421-field_1\" class=\"wpforms-field-name-first wpforms-field-required\" name=\"wpforms[fields][1][first]\" aria-errormessage=\"wpforms-1421-field_1-error\" required><label for=\"wpforms-1421-field_1\" class=\"wpforms-field-sublabel after\">T\u00ean<\/label><\/div><div class=\"wpforms-field-row-block wpforms-one-half\"><input type=\"text\" id=\"wpforms-1421-field_1-last\" class=\"wpforms-field-name-last wpforms-field-required\" name=\"wpforms[fields][1][last]\" aria-errormessage=\"wpforms-1421-field_1-last-error\" required><label for=\"wpforms-1421-field_1-last\" class=\"wpforms-field-sublabel after\">H\u1ecd<\/label><\/div><\/div><\/fieldset><\/div>\t\t<div id=\"wpforms-1421-field_4-container\"\n\t\t\tclass=\"wpforms-field wpforms-field-text\"\n\t\t\tdata-field-type=\"text\"\n\t\t\tdata-field-id=\"4\"\n\t\t\t>\n\t\t\t<label class=\"wpforms-field-label\" for=\"wpforms-1421-field_4\" >Questions Name and<\/label>\n\t\t\t<input type=\"text\" id=\"wpforms-1421-field_4\" class=\"wpforms-field-medium\" name=\"wpforms[fields][4]\" >\n\t\t<\/div>\n\t\t<div id=\"wpforms-1421-field_2-container\" class=\"wpforms-field wpforms-field-email\" data-field-type=\"email\" data-field-id=\"2\"><label class=\"wpforms-field-label\" for=\"wpforms-1421-field_2\">Email <span class=\"wpforms-required-label\" aria-hidden=\"true\">*<\/span><\/label><input type=\"email\" id=\"wpforms-1421-field_2\" class=\"wpforms-field-large wpforms-field-required\" name=\"wpforms[fields][2]\" spellcheck=\"false\" aria-errormessage=\"wpforms-1421-field_2-error\" required><\/div><div id=\"wpforms-1421-field_3-container\" class=\"wpforms-field wpforms-field-textarea\" data-field-type=\"textarea\" data-field-id=\"3\"><label class=\"wpforms-field-label\" for=\"wpforms-1421-field_3\">Inquiries and Questions<\/label><textarea id=\"wpforms-1421-field_3\" class=\"wpforms-field-medium\" name=\"wpforms[fields][3]\" aria-errormessage=\"wpforms-1421-field_3-error\" ><\/textarea><\/div><script>\n\t\t\t\t( function() {\n\t\t\t\t\tconst style = document.createElement( 'style' );\n\t\t\t\t\tstyle.appendChild( document.createTextNode( '#wpforms-1421-field_4-container { position: absolute !important; overflow: hidden !important; display: inline !important; height: 1px !important; width: 1px !important; z-index: -1000 !important; padding: 0 !important; } #wpforms-1421-field_4-container input { visibility: hidden; } #wpforms-conversational-form-page #wpforms-1421-field_4-container label { counter-increment: none; }' ) );\n\t\t\t\t\tdocument.head.appendChild( style );\n\t\t\t\t\tdocument.currentScript?.remove();\n\t\t\t\t} )();\n\t\t\t<\/script><\/div><!-- .wpforms-field-container --><div class=\"wpforms-recaptcha-container wpforms-is-recaptcha wpforms-is-recaptcha-type-v3\" ><input type=\"hidden\" name=\"wpforms[recaptcha]\" value=\"\"><\/div><div class=\"wpforms-submit-container\" ><input type=\"hidden\" name=\"wpforms[id]\" value=\"1421\"><input type=\"hidden\" name=\"page_title\" value=\"\"><input type=\"hidden\" name=\"page_url\" value=\"https:\/\/pcvietnamesebusinessaward.ca\/vi\/wp-json\/wp\/v2\/pages\/38\"><input type=\"hidden\" name=\"url_referer\" value=\"\"><button type=\"submit\" name=\"wpforms[submit]\" id=\"wpforms-submit-1421\" class=\"wpforms-submit\" data-alt-text=\"Sending...\" data-submit-text=\"Submit\" aria-live=\"assertive\" value=\"wpforms-submit\">Submit<\/button><img loading=\"lazy\" decoding=\"async\" src=\"https:\/\/pcvietnamesebusinessaward.ca\/wp-content\/plugins\/wpforms\/assets\/images\/submit-spin.svg\" class=\"wpforms-submit-spinner\" style=\"display: none;\" width=\"26\" height=\"26\" alt=\"\u0110ang t\u1ea3i\"><\/div><input type=\"hidden\" name=\"trp-form-language\" value=\"vi\"\/><\/form><\/div>  <!-- .wpforms-container -->","protected":false},"excerpt":{"rendered":"<p>Why The Gala? The gala is held to honour and celebrate the excellence that defines your businesses. From your unparalleled hospitality and operational efficiency to the vibrant heartbeat of Vietnamese pride, you represent the gold standard of our community. We believe that true progress is born from connection; therefore, we have the highest honour of&hellip;&nbsp;<a href=\"https:\/\/pcvietnamesebusinessaward.ca\/vi\/gala\/\" rel=\"bookmark\"><span class=\"screen-reader-text\">Gala<\/span><\/a><\/p>","protected":false},"author":2,"featured_media":0,"parent":0,"menu_order":0,"comment_status":"closed","ping_status":"closed","template":"page-templates\/template-pagebuilder-full-width.php","meta":{"neve_meta_sidebar":"","neve_meta_container":"","neve_meta_enable_content_width":"","neve_meta_content_width":0,"neve_meta_title_alignment":"","neve_meta_author_avatar":"","neve_post_elements_order":"","neve_meta_disable_header":"","neve_meta_disable_footer":"","neve_meta_disable_title":"","neve_meta_reading_time":"","_themeisle_gutenberg_block_has_review":false,"footnotes":""},"class_list":["post-38","page","type-page","status-publish","hentry"],"_hostinger_reach_plugin_has_subscription_block":false,"_hostinger_reach_plugin_is_elementor":false,"_links":{"self":[{"href":"https:\/\/pcvietnamesebusinessaward.ca\/vi\/wp-json\/wp\/v2\/pages\/38","targetHints":{"allow":["GET"]}}],"collection":[{"href":"https:\/\/pcvietnamesebusinessaward.ca\/vi\/wp-json\/wp\/v2\/pages"}],"about":[{"href":"https:\/\/pcvietnamesebusinessaward.ca\/vi\/wp-json\/wp\/v2\/types\/page"}],"author":[{"embeddable":true,"href":"https:\/\/pcvietnamesebusinessaward.ca\/vi\/wp-json\/wp\/v2\/users\/2"}],"replies":[{"embeddable":true,"href":"https:\/\/pcvietnamesebusinessaward.ca\/vi\/wp-json\/wp\/v2\/comments?post=38"}],"version-history":[{"count":24,"href":"https:\/\/pcvietnamesebusinessaward.ca\/vi\/wp-json\/wp\/v2\/pages\/38\/revisions"}],"predecessor-version":[{"id":1465,"href":"https:\/\/pcvietnamesebusinessaward.ca\/vi\/wp-json\/wp\/v2\/pages\/38\/revisions\/1465"}],"wp:attachment":[{"href":"https:\/\/pcvietnamesebusinessaward.ca\/vi\/wp-json\/wp\/v2\/media?parent=38"}],"curies":[{"name":"wp","href":"https:\/\/api.w.org\/{rel}","templated":true}]}}