{"id":37,"date":"2025-11-18T00:33:03","date_gmt":"2025-11-18T00:33:03","guid":{"rendered":"https:\/\/pcvietnamesebusinessaward.ca\/?page_id=37"},"modified":"2025-11-24T10:42:03","modified_gmt":"2025-11-24T10:42:03","slug":"contact","status":"publish","type":"page","link":"https:\/\/pcvietnamesebusinessaward.ca\/vi\/contact\/","title":{"rendered":"Li\u00ean H\u1ec7"},"content":{"rendered":"<div id=\"wp-block-themeisle-blocks-advanced-columns-2c60bc77\" class=\"wp-block-themeisle-blocks-advanced-columns alignfull has-2-columns has-desktop-twoOne-layout has-tablet-equal-layout has-mobile-collapsedRows-layout has-reverse-columns-mobile has-vertical-center ticss-c00aadba\"><div class=\"wp-block-themeisle-blocks-advanced-columns-overlay\"><\/div><div class=\"innerblocks-wrap\">\n<div id=\"wp-block-themeisle-blocks-advanced-column-75b9263d\" class=\"wp-block-themeisle-blocks-advanced-column\">\n<h1 class=\"wp-block-heading has-neve-link-color-color has-text-color has-link-color wp-elements-a3903a4706b63583b4684b85abed9642\">LI\u00caN H\u1ec6<\/h1>\n\n\n\n<p class=\"has-nv-light-bg-color has-text-color has-link-color has-medium-font-size wp-elements-e35630be7803c9c8ee1e556ac30c8f4f\">B\u1ea1n c\u1ea7n th\u00eam th\u00f4ng tin? Ch\u00fang t\u00f4i r\u1ea5t mong nh\u1eadn \u0111\u01b0\u1ee3c ph\u1ea3n h\u1ed3i t\u1eeb b\u1ea1n. D\u00f9 b\u1ea1n l\u00e0 ch\u1ee7 doanh nghi\u1ec7p, ng\u01b0\u1eddi \u0111\u01b0\u1ee3c \u0111\u1ec1 c\u1eed hay ng\u01b0\u1eddi \u1ee7ng h\u1ed9, \u0111\u1ed9i ng\u0169 c\u1ee7a ch\u00fang t\u00f4i lu\u00f4n s\u1eb5n s\u00e0ng h\u1ed7 tr\u1ee3. H\u00e3y li\u00ean h\u1ec7 v\u1edbi ch\u00fang t\u00f4i \u0111\u1ec3 c\u00f9ng k\u1ebft n\u1ed1i.<\/p>\n<\/div>\n\n\n\n<div id=\"wp-block-themeisle-blocks-advanced-column-f76e6cae\" class=\"wp-block-themeisle-blocks-advanced-column\">\n<figure class=\"wp-block-image size-large is-resized\"><img loading=\"lazy\" decoding=\"async\" width=\"849\" height=\"1024\" src=\"https:\/\/pcvietnamesebusinessaward.ca\/wp-content\/uploads\/2025\/11\/VCBA_Logo_web-04-849x1024.png\" alt=\"\" class=\"wp-image-317\" style=\"width:260px;height:auto\" srcset=\"https:\/\/pcvietnamesebusinessaward.ca\/wp-content\/uploads\/2025\/11\/VCBA_Logo_web-04-849x1024.png 849w, https:\/\/pcvietnamesebusinessaward.ca\/wp-content\/uploads\/2025\/11\/VCBA_Logo_web-04-249x300.png 249w, https:\/\/pcvietnamesebusinessaward.ca\/wp-content\/uploads\/2025\/11\/VCBA_Logo_web-04-768x926.png 768w, https:\/\/pcvietnamesebusinessaward.ca\/wp-content\/uploads\/2025\/11\/VCBA_Logo_web-04-1273x1536.png 1273w, https:\/\/pcvietnamesebusinessaward.ca\/wp-content\/uploads\/2025\/11\/VCBA_Logo_web-04.png 1522w\" sizes=\"auto, (max-width: 849px) 100vw, 849px\" \/><\/figure>\n<\/div>\n<\/div><\/div>\n\n\n\n<div id=\"wp-block-themeisle-blocks-advanced-columns-28e0d7fb\" class=\"wp-block-themeisle-blocks-advanced-columns alignfull has-1-columns has-desktop-equal-layout has-tablet-equal-layout has-mobile-equal-layout has-vertical-center ticss-c00aadba\"><div class=\"wp-block-themeisle-blocks-advanced-columns-overlay\"><\/div><div class=\"innerblocks-wrap\">\n<div id=\"wp-block-themeisle-blocks-advanced-column-c9cdefb5\" class=\"wp-block-themeisle-blocks-advanced-column\">\n<h1 class=\"wp-block-heading has-text-align-center has-neve-link-color-color has-text-color has-link-color wp-elements-8e4fad879cbaecd6de5a04ed17ad465d\">G\u1eedi L\u1eddi Nh\u1eafn<\/h1>\n\n\n\n<p class=\"has-text-align-center has-neve-text-color-color has-text-color has-link-color has-medium-font-size wp-elements-e2788ecc11e10b4c685c4559cc181ba2\">H\u00e3y g\u1eedi cho ch\u00fang t\u00f4i nh\u1eefng c\u00e2u h\u1ecfi c\u1ee7a b\u1ea1n v\u00e0 ch\u00fang t\u00f4i s\u1ebd ph\u1ea3n h\u1ed3i m\u1ed9t c\u00e1ch nhanh ch\u00f3ng.<\/p>\n\n\n\n<div style=\"height:20px\" aria-hidden=\"true\" class=\"wp-block-spacer\"><\/div>\n\n\n\n<div id=\"wp-block-themeisle-blocks-form-b744d895\" class=\"wp-block-themeisle-blocks-form has-captcha\" data-option-name=\"bf9b28ff82ce323187abc5d0feb0d8f07ecd8436_b744d895\"><form class=\"otter-form__container\" action=\"\">\n<div id=\"wp-block-themeisle-blocks-form-input-cf905560\" class=\"wp-block-themeisle-blocks-form-input is-style-hidden-label\"><label for=\"wp-block-themeisle-blocks-form-input-cf905560-input\" class=\"otter-form-input-label\"><span class=\"otter-form-input-label__label\">NAME<\/span><span class=\"required\">*<\/span><\/label><input type=\"text\" id=\"wp-block-themeisle-blocks-form-input-cf905560-input\" required placeholder=\"T\u00caN\" class=\"otter-form-input\"\/><\/div>\n\n\n\n<div id=\"wp-block-themeisle-blocks-form-input-faac1918\" class=\"wp-block-themeisle-blocks-form-input is-style-hidden-label\"><label for=\"wp-block-themeisle-blocks-form-input-faac1918-input\" class=\"otter-form-input-label\"><span class=\"otter-form-input-label__label\">PHONE NUMBER<\/span><span class=\"required\">*<\/span><\/label><input type=\"number\" id=\"wp-block-themeisle-blocks-form-input-faac1918-input\" required placeholder=\"S\u1ed0 \u0110I\u1ec6N THO\u1ea0I\" class=\"otter-form-input\"\/><\/div>\n\n\n\n<div id=\"wp-block-themeisle-blocks-form-input-20b69063\" class=\"wp-block-themeisle-blocks-form-input is-style-hidden-label\"><label for=\"wp-block-themeisle-blocks-form-input-20b69063-input\" class=\"otter-form-input-label\"><span class=\"otter-form-input-label__label\">EMAIL<\/span><span class=\"required\">*<\/span><\/label><input type=\"email\" id=\"wp-block-themeisle-blocks-form-input-20b69063-input\" required placeholder=\"EMAIL*\" class=\"otter-form-input\"\/><\/div>\n\n\n<div class=\"protection\" aria-hidden=\"true\"><input type=\"hidden\" id=\"wp-block-themeisle-blocks-form-b744d895_nonce_field\" name=\"wp-block-themeisle-blocks-form-b744d895_nonce_field\" value=\"14359c4410\" \/><input type=\"hidden\" name=\"_wp_http_referer\" value=\"\/vi\/wp-json\/wp\/v2\/pages\/37\" \/><input class=\"o-anti-bot\" type=\"checkbox\"><\/div>\n\n\n<div id=\"wp-block-themeisle-blocks-form-textarea-05fefcdd\" class=\"wp-block-themeisle-blocks-form-textarea is-style-hidden-label\"><label for=\"wp-block-themeisle-blocks-form-textarea-05fefcdd-input\" class=\"otter-form-textarea-label\"><span class=\"otter-form-textarea-label__label\">NH\u1eacP N\u1ed8I DUNG<\/span><span class=\"required\">*<\/span><\/label><textarea id=\"wp-block-themeisle-blocks-form-textarea-05fefcdd-input\" required placeholder=\"NH\u1eacP N\u1ed8I DUNG\" rows=\"10\" class=\"otter-form-textarea-input\"><\/textarea><\/div>\n<div class=\"wp-block-button o-center o-center-tablet\"><button class=\"wp-block-button__link\" type=\"submit\">G\u1eecI<\/button><\/div><input type=\"hidden\" name=\"trp-form-language\" value=\"vi\"\/><\/form><\/div>\n<\/div>\n<\/div><\/div>","protected":false},"excerpt":{"rendered":"","protected":false},"author":2,"featured_media":0,"parent":0,"menu_order":0,"comment_status":"closed","ping_status":"closed","template":"page-templates\/template-pagebuilder-full-width.php","meta":{"neve_meta_sidebar":"","neve_meta_container":"","neve_meta_enable_content_width":"","neve_meta_content_width":0,"neve_meta_title_alignment":"","neve_meta_author_avatar":"","neve_post_elements_order":"","neve_meta_disable_header":"","neve_meta_disable_footer":"","neve_meta_disable_title":"","neve_meta_reading_time":"","_themeisle_gutenberg_block_has_review":false,"footnotes":""},"class_list":["post-37","page","type-page","status-publish","hentry"],"_hostinger_reach_plugin_has_subscription_block":false,"_hostinger_reach_plugin_is_elementor":false,"_links":{"self":[{"href":"https:\/\/pcvietnamesebusinessaward.ca\/vi\/wp-json\/wp\/v2\/pages\/37","targetHints":{"allow":["GET"]}}],"collection":[{"href":"https:\/\/pcvietnamesebusinessaward.ca\/vi\/wp-json\/wp\/v2\/pages"}],"about":[{"href":"https:\/\/pcvietnamesebusinessaward.ca\/vi\/wp-json\/wp\/v2\/types\/page"}],"author":[{"embeddable":true,"href":"https:\/\/pcvietnamesebusinessaward.ca\/vi\/wp-json\/wp\/v2\/users\/2"}],"replies":[{"embeddable":true,"href":"https:\/\/pcvietnamesebusinessaward.ca\/vi\/wp-json\/wp\/v2\/comments?post=37"}],"version-history":[{"count":20,"href":"https:\/\/pcvietnamesebusinessaward.ca\/vi\/wp-json\/wp\/v2\/pages\/37\/revisions"}],"predecessor-version":[{"id":982,"href":"https:\/\/pcvietnamesebusinessaward.ca\/vi\/wp-json\/wp\/v2\/pages\/37\/revisions\/982"}],"wp:attachment":[{"href":"https:\/\/pcvietnamesebusinessaward.ca\/vi\/wp-json\/wp\/v2\/media?parent=37"}],"curies":[{"name":"wp","href":"https:\/\/api.w.org\/{rel}","templated":true}]}}