{"id":33,"date":"2025-11-18T00:33:03","date_gmt":"2025-11-18T00:33:03","guid":{"rendered":"https:\/\/pcvietnamesebusinessaward.ca\/?page_id=33"},"modified":"2025-11-25T04:46:52","modified_gmt":"2025-11-25T04:46:52","slug":"advantages","status":"publish","type":"page","link":"https:\/\/pcvietnamesebusinessaward.ca\/vi\/advantages\/","title":{"rendered":"L\u1ee3i Th\u1ebf"},"content":{"rendered":"<div id=\"wp-block-themeisle-blocks-advanced-columns-2c60bc77\" class=\"wp-block-themeisle-blocks-advanced-columns alignfull has-2-columns has-desktop-twoOne-layout has-tablet-equal-layout has-mobile-collapsedRows-layout has-reverse-columns-mobile has-vertical-center ticss-c00aadba\"><div class=\"wp-block-themeisle-blocks-advanced-columns-overlay\"><\/div><div class=\"innerblocks-wrap\">\n<div id=\"wp-block-themeisle-blocks-advanced-column-75b9263d\" class=\"wp-block-themeisle-blocks-advanced-column\">\n<h1 class=\"wp-block-heading has-neve-link-color-color has-text-color has-link-color wp-elements-5336cd90cf747c4888e2c29c7486b72e\">L\u1ee2I TH\u1ebe<\/h1>\n\n\n\n<p class=\"has-nv-light-bg-color has-text-color has-link-color has-medium-font-size wp-elements-8a2cc06675f3c08ad2f6cbe2ad6ad533\">Gi\u1ea3i Th\u01b0\u1edfng Doanh Nghi\u1ec7p Vi\u1ec7t Nam Do Ng\u01b0\u1eddi Ti\u00eau D\u00f9ng B\u1ea7u Ch\u1ecdn t\u1ea1i Canada t\u00f4n vinh nh\u1eefng Doanh nghi\u1ec7p lu\u00f4n n\u00e2ng cao ti\u00eau chu\u1ea9n v\u1ec1 ch\u1ea5t l\u01b0\u1ee3ng, d\u1ecbch v\u1ee5 v\u00e0 t\u00e1c \u0111\u1ed9ng c\u1ed9ng \u0111\u1ed3ng. \u0110\u01b0\u1ee3c l\u1ef1a ch\u1ecdn d\u1ef1a tr\u00ean s\u1ef1 \u1ee7ng h\u1ed9 v\u00e0 ph\u1ea3n h\u1ed3i ch\u00e2n th\u1eadt t\u1eeb kh\u00e1ch h\u00e0ng, \u0111\u00e2y ch\u00ednh l\u00e0 ti\u1ebfng n\u00f3i c\u1ee7a c\u1ed9ng \u0111\u1ed3ng quy\u1ebft \u0111\u1ecbnh s\u1ef1 xu\u1ea5t s\u1eafc. H\u00e3y kh\u00e1m ph\u00e1 nh\u1eefng l\u1ee3i \u00edch qu\u00fd gi\u00e1 khi \u0111\u1ea1t \u0111\u01b0\u1ee3c s\u1ef1 c\u00f4ng nh\u1eadn \u0111\u00e1ng tin c\u1eady n\u00e0y.<\/p>\n<\/div>\n\n\n\n<div id=\"wp-block-themeisle-blocks-advanced-column-f76e6cae\" class=\"wp-block-themeisle-blocks-advanced-column\">\n<figure class=\"wp-block-image size-large is-resized\"><img loading=\"lazy\" decoding=\"async\" width=\"849\" height=\"1024\" src=\"https:\/\/pcvietnamesebusinessaward.ca\/wp-content\/uploads\/2025\/11\/VCBA_Logo_web-04-849x1024.png\" alt=\"\" class=\"wp-image-317\" style=\"width:260px;height:auto\" srcset=\"https:\/\/pcvietnamesebusinessaward.ca\/wp-content\/uploads\/2025\/11\/VCBA_Logo_web-04-849x1024.png 849w, https:\/\/pcvietnamesebusinessaward.ca\/wp-content\/uploads\/2025\/11\/VCBA_Logo_web-04-249x300.png 249w, https:\/\/pcvietnamesebusinessaward.ca\/wp-content\/uploads\/2025\/11\/VCBA_Logo_web-04-768x926.png 768w, https:\/\/pcvietnamesebusinessaward.ca\/wp-content\/uploads\/2025\/11\/VCBA_Logo_web-04-1273x1536.png 1273w, https:\/\/pcvietnamesebusinessaward.ca\/wp-content\/uploads\/2025\/11\/VCBA_Logo_web-04.png 1522w\" sizes=\"auto, (max-width: 849px) 100vw, 849px\" \/><\/figure>\n<\/div>\n<\/div><\/div>\n\n\n\n<div id=\"wp-block-themeisle-blocks-advanced-columns-20d73736\" class=\"wp-block-themeisle-blocks-advanced-columns alignfull has-1-columns has-desktop-equal-layout has-tablet-equal-layout has-mobile-equal-layout has-vertical-center ticss-c00aadba\"><div class=\"wp-block-themeisle-blocks-advanced-columns-overlay\"><\/div><div class=\"innerblocks-wrap\">\n<div id=\"wp-block-themeisle-blocks-advanced-column-2bae6dc7\" class=\"wp-block-themeisle-blocks-advanced-column\">\n<h1 class=\"wp-block-heading has-text-align-center has-neve-link-color-color has-text-color has-link-color wp-elements-fb33187983d50448e62ecd268b1e8015\" style=\"text-transform:capitalize\">Vinh danh nh\u1eefng Doanh nghi\u1ec7p Vi\u1ec7t Nam Xu\u1ea5t s\u1eafc nh\u1ea5t t\u1ea1i Canada<\/h1>\n\n\n\n<p class=\"has-text-align-center has-neve-text-color-color has-text-color has-link-color has-medium-font-size wp-elements-53e6685a44d5c90a5328cc8aeb02e955\">Gi\u1ea3i th\u01b0\u1edfng Doanh nghi\u1ec7p Vi\u1ec7t Nam do Ng\u01b0\u1eddi Ti\u00eau D\u00f9ng B\u1ea7u Ch\u1ecdn t\u1ea1i Canada vinh danh nh\u1eefng doanh nghi\u1ec7p, chuy\u00ean gia v\u00e0 t\u1ed5 ch\u1ee9c xu\u1ea5t s\u1eafc, lu\u00f4n n\u00e2ng cao ti\u00eau chu\u1ea9n v\u1ec1 ch\u1ea5t l\u01b0\u1ee3ng, d\u1ecbch v\u1ee5 v\u00e0 t\u00e1c \u0111\u1ed9ng \u0111\u1ed1i v\u1edbi c\u1ed9ng \u0111\u1ed3ng.<br>\u2043<br>C\u00e1c doanh nghi\u1ec7p \u0111\u01b0\u1ee3c \u0111\u1ec1 c\u1eed v\u00e0 chi\u1ebfn th\u1eafng \u0111\u01b0\u1ee3c l\u1ef1a ch\u1ecdn d\u1ef1a tr\u00ean s\u1ef1 \u1ee7ng h\u1ed9 v\u00e0 ph\u1ea3n h\u1ed3i ch\u00e2n th\u1eadt t\u1eeb kh\u00e1ch h\u00e0ng; ch\u00ednh ti\u1ebfng n\u00f3i c\u1ee7a c\u1ed9ng \u0111\u1ed3ng quy\u1ebft \u0111\u1ecbnh s\u1ef1 xu\u1ea5t s\u1eafc c\u1ee7a c\u00e1c Doanh nghi\u1ec7p.<br>\u2043<br>Kh\u00e1m ph\u00e1 nh\u1eefng l\u1ee3i \u00edch qu\u00fd gi\u00e1 \u0111i k\u00e8m v\u1edbi vi\u1ec7c \u0111\u1ea1t \u0111\u01b0\u1ee3c s\u1ef1 c\u00f4ng nh\u1eadn \u0111\u00e1ng tin c\u1eady n\u00e0y.<\/p>\n<\/div>\n<\/div><\/div>\n\n\n\n<div id=\"wp-block-themeisle-blocks-advanced-columns-9cfc9d46\" class=\"wp-block-themeisle-blocks-advanced-columns alignfull has-1-columns has-desktop-equal-layout has-tablet-equal-layout has-mobile-equal-layout has-vertical-center ticss-c00aadba\"><div class=\"wp-block-themeisle-blocks-advanced-columns-overlay\"><\/div><div class=\"innerblocks-wrap\">\n<div id=\"wp-block-themeisle-blocks-advanced-column-cbf5cb01\" class=\"wp-block-themeisle-blocks-advanced-column\">\n<hr class=\"wp-block-separator has-alpha-channel-opacity is-style-default\"\/>\n<\/div>\n<\/div><\/div>\n\n\n\n<div id=\"wp-block-themeisle-blocks-advanced-columns-3486a939\" class=\"wp-block-themeisle-blocks-advanced-columns alignfull has-1-columns has-desktop-equal-layout has-tablet-equal-layout has-mobile-equal-layout has-vertical-center ticss-c00aadba\"><div class=\"wp-block-themeisle-blocks-advanced-columns-overlay\"><\/div><div class=\"innerblocks-wrap\">\n<div id=\"wp-block-themeisle-blocks-advanced-column-3e695d68\" class=\"wp-block-themeisle-blocks-advanced-column\">\n<h1 class=\"wp-block-heading has-text-align-center has-neve-link-color-color has-text-color has-link-color wp-elements-df26bf031286dc0fbd36daa645aac680\" style=\"text-transform:capitalize\">L\u1ee2I TH\u1ebe<\/h1>\n\n\n\n<div id=\"wp-block-themeisle-blocks-advanced-columns-9021017b\" class=\"wp-block-themeisle-blocks-advanced-columns has-2-columns has-desktop-equal-layout has-tablet-equal-layout has-mobile-collapsedRows-layout has-vertical-unset\"><div class=\"wp-block-themeisle-blocks-advanced-columns-overlay\"><\/div><div class=\"innerblocks-wrap\">\n<div id=\"wp-block-themeisle-blocks-advanced-column-4ba2d7f3\" class=\"wp-block-themeisle-blocks-advanced-column\">\n<div id=\"wp-block-themeisle-blocks-flip-10912f0f\" class=\"wp-block-themeisle-blocks-flip anim flipY\"><div class=\"o-flip-inner\"><div class=\"o-flip-front\"><div class=\"o-flip-content\"><h3>#1<\/h3><p><\/p><\/div><\/div><div class=\"o-flip-back\">\n<h3 class=\"wp-block-heading\"><\/h3>\n\n\n\n<p class=\"has-neve-text-color-color has-text-color has-link-color has-medium-font-size wp-elements-6a2fe8bc2bb46ccfca66f9fb8890d49f\">T\u00f4n vinh s\u1ef1 xu\u1ea5t s\u1eafc c\u1ee7a doanh nghi\u1ec7p c\u1ee7a b\u1ea1n<\/p>\n<\/div><\/div><\/div>\n<\/div>\n\n\n\n<div id=\"wp-block-themeisle-blocks-advanced-column-4ca362ac\" class=\"wp-block-themeisle-blocks-advanced-column\">\n<div id=\"wp-block-themeisle-blocks-flip-e58c2760\" class=\"wp-block-themeisle-blocks-flip anim flipY\"><div class=\"o-flip-inner\"><div class=\"o-flip-front\"><div class=\"o-flip-content\"><h3>#2<\/h3><p><\/p><\/div><\/div><div class=\"o-flip-back\">\n<h3 class=\"wp-block-heading\"><\/h3>\n\n\n\n<p class=\"has-neve-text-color-color has-text-color has-link-color has-medium-font-size wp-elements-1c768f2bdd17d1ef44a1242afe9db79d\">N\u00e2ng t\u1ea7m h\u00ecnh \u1ea3nh doanh nghi\u1ec7p c\u1ee7a b\u1ea1n trong c\u1ed9ng \u0111\u1ed3ng<\/p>\n<\/div><\/div><\/div>\n<\/div>\n<\/div><\/div>\n\n\n\n<div id=\"wp-block-themeisle-blocks-advanced-columns-53e0013d\" class=\"wp-block-themeisle-blocks-advanced-columns has-2-columns has-desktop-equal-layout has-tablet-equal-layout has-mobile-collapsedRows-layout has-vertical-unset\"><div class=\"wp-block-themeisle-blocks-advanced-columns-overlay\"><\/div><div class=\"innerblocks-wrap\">\n<div id=\"wp-block-themeisle-blocks-advanced-column-f1d26ed4\" class=\"wp-block-themeisle-blocks-advanced-column\">\n<div id=\"wp-block-themeisle-blocks-flip-8d9119f4\" class=\"wp-block-themeisle-blocks-flip anim flipY\"><div class=\"o-flip-inner\"><div class=\"o-flip-front\"><div class=\"o-flip-content\"><h3>#3<\/h3><p><\/p><\/div><\/div><div class=\"o-flip-back\">\n<h3 class=\"wp-block-heading\"><\/h3>\n\n\n\n<p class=\"has-neve-text-color-color has-text-color has-link-color has-medium-font-size wp-elements-8ae54350678ef8dce4a22768582483dc\">K\u1ebft n\u1ed1i m\u1ea1ng l\u01b0\u1edbi v\u00e0 ti\u1ebfp c\u1eadn c\u00e1c c\u01a1 h\u1ed9i kinh doanh m\u1edbi<\/p>\n<\/div><\/div><\/div>\n<\/div>\n\n\n\n<div id=\"wp-block-themeisle-blocks-advanced-column-33a22f75\" class=\"wp-block-themeisle-blocks-advanced-column\">\n<div id=\"wp-block-themeisle-blocks-flip-44fa6d04\" class=\"wp-block-themeisle-blocks-flip anim flipY\"><div class=\"o-flip-inner\"><div class=\"o-flip-front\"><div class=\"o-flip-content\"><h3>#4<\/h3><p><\/p><\/div><\/div><div class=\"o-flip-back\">\n<h3 class=\"wp-block-heading\"><\/h3>\n\n\n\n<p class=\"has-neve-text-color-color has-text-color has-link-color has-medium-font-size wp-elements-ce38c15dc3e05745723d3512b44f06c8\">Nh\u1eadn \u0111\u01b0\u1ee3c s\u1ef1 c\u00f4ng nh\u1eadn gi\u00e1 tr\u1ecb t\u1eeb c\u1ed9ng \u0111\u1ed3ng Canada v\u00e0 Vi\u1ec7t Nam<\/p>\n<\/div><\/div><\/div>\n<\/div>\n<\/div><\/div>\n<\/div>\n<\/div><\/div>\n\n\n\n<div id=\"wp-block-themeisle-blocks-advanced-columns-f3d59a96\" class=\"wp-block-themeisle-blocks-advanced-columns alignfull has-1-columns has-desktop-equal-layout has-tablet-equal-layout has-mobile-collapsedRows-layout has-vertical-top ticss-c00aadba\"><div class=\"wp-block-themeisle-blocks-advanced-columns-overlay\"><\/div><div class=\"innerblocks-wrap\">\n<div id=\"wp-block-themeisle-blocks-advanced-column-6ed87773\" class=\"wp-block-themeisle-blocks-advanced-column has-dark-bg\">\n<div id=\"wp-block-themeisle-blocks-font-awesome-icons-52cd295c\" class=\"wp-block-themeisle-blocks-font-awesome-icons\"><span class=\"wp-block-themeisle-blocks-font-awesome-icons-container nan-padding\"><svg xmlns=\"http:\/\/www.w3.org\/2000\/svg\" viewbox=\"0 0 1800 1800\"><path d=\"M531.087,344.727c0.247,0,0.492,0.033,0.739,0.033h453.558c16.819,0,30.444-13.625,30.444-30.436 c0-16.815-13.625-30.435-30.444-30.435H638.226H531.826c-16.811,0-30.44,13.62-30.44,30.435 C501.386,330.885,514.624,344.331,531.087,344.727z\"><\/path><path d=\"M531.826,497.389h749.422c16.814,0,30.443-13.629,30.443-30.439c0-16.814-13.629-30.439-30.443-30.439 H531.826c-16.811,0-30.44,13.625-30.44,30.439C501.386,483.76,515.016,497.389,531.826,497.389z\"><\/path><path d=\"M531.826,650.009h749.422c16.814,0,30.443-13.633,30.443-30.444c0-8.872-3.822-16.827-9.877-22.389 c-5.424-4.982-12.625-8.046-20.566-8.046H531.826c-7.938,0-15.143,3.064-20.567,8.046c-6.054,5.562-9.873,13.517-9.873,22.389 C501.386,636.376,515.016,650.009,531.826,650.009z\"><\/path><path d=\"M1311.691,772.194c0-16.806-13.629-30.436-30.443-30.436H531.826c-16.811,0-30.44,13.629-30.44,30.436 c0,16.815,13.629,30.444,30.44,30.444h749.422C1298.063,802.638,1311.691,789.009,1311.691,772.194z\"><\/path><path d=\"M1772.088,533.511c-2.481-3.422-5.691-6.4-9.603-8.622l-246.454-139.961v-82.389v-9.853 c-1.264-7.738-5.432-14.501-11.406-19.066l-49.465-42.835l-131.073-113.508l-61.889-53.596c-5.286-4.582-11.866-7.021-18.591-7.275 h-2.197H937.55h-66.904H383.746c-47.809,0-86.705,38.895-86.705,86.696V382.15L61.554,515.893 c-31.678,11.565-54.396,41.913-54.396,77.54v1067.543c0,45.554,37.064,82.618,82.622,82.618h1625.598 c45.558,0,82.623-37.064,82.623-82.618V593.433C1798,569.839,1788.002,548.583,1772.088,533.511z M1614.426,510.814l92.579,52.583 l-11.661,8.301l-179.313,127.664V571.698v-60.883v-55.873L1614.426,510.814z M1405.5,267.454h-132.895V152.361L1405.5,267.454z M357.922,571.698v-60.883v-93.226v-70.01V143.102c0-14.239,11.585-25.825,25.824-25.825h379.699H886.73h34.734h123.285h167.617 v180.296c0,16.631,13.483,30.11,30.119,30.11h212.674v22.668v70.015v90.448v60.883V742.7l-397.298,282.87l-50.781,36.148 l-18.591,13.241l-81.088,57.728l-81.093-57.728l-18.611-13.25l-50.782-36.155L357.922,741.483V571.698z M193.76,510.814 l103.281-58.649v58.649v60.883V698.14L119.448,571.698l-14.597-10.395L193.76,510.814z M68.036,1648.984V609.822l229.005,163.047 l60.88,43.344L710.7,1067.38l-8.372,7.58l-67.267,60.871L68.036,1648.984z M121.495,1682.723l604.294-546.892l35.693-32.304 l45.37,32.304l82.897,59.028c5.283,3.76,11.462,5.637,17.653,5.637c6.187,0,12.369-1.877,17.652-5.637l82.889-59.028l45.354-32.286 l35.686,32.286l604.311,546.892H121.495z M1737.119,1640.271l-557.41-504.439l-67.267-60.871l-8.359-7.563l351.077-249.962 l60.871-43.348l221.088-157.407V1640.271z\"><\/path><\/svg><\/span><\/div>\n\n\n\n<h1 id=\"wp-block-themeisle-blocks-advanced-heading-d531bcdc\" class=\"wp-block-themeisle-blocks-advanced-heading wp-block-themeisle-blocks-advanced-heading-d531bcdc\">\u0110\u0103ng k\u00fd \u0111\u1ec3 nh\u1eadn th\u00f4ng tin m\u1edbi nh\u1ea5t!<\/h1>\n\n\n\n<div id=\"wp-block-themeisle-blocks-form-b4ee58a7\" class=\"wp-block-themeisle-blocks-form has-captcha\" data-option-name=\"bf9b28ff82ce323187abc5d0feb0d8f07ecd8436_b4ee58a7\"><form class=\"otter-form__container\" action=\"\">\n<div id=\"wp-block-themeisle-blocks-form-input-52cef4f1\" class=\"wp-block-themeisle-blocks-form-input is-style-hidden-label\"><label for=\"wp-block-themeisle-blocks-form-input-52cef4f1-input\" class=\"otter-form-input-label\"><span class=\"otter-form-input-label__label\">Email<\/span><span class=\"required\">*<\/span><\/label><input type=\"email\" id=\"wp-block-themeisle-blocks-form-input-52cef4f1-input\" required placeholder=\"NH\u1eacP \u0110\u1ecaA CH\u1ec8 EMAIL\" class=\"otter-form-input\"\/><\/div>\n\n\n\n<p class=\"has-text-align-center has-neve-text-color-color has-text-color has-small-font-size\">B\u1eb1ng vi\u1ec7c g\u1eedi bi\u1ec3u m\u1eabu n\u00e0y, b\u1ea1n \u0111\u1ed3ng \u00fd nh\u1eadn th\u00f4ng tin li\u00ean l\u1ea1c qua email t\u1eeb ch\u00fang t\u00f4i.<\/p>\n\n\n<div class=\"protection\" aria-hidden=\"true\"><input type=\"hidden\" id=\"wp-block-themeisle-blocks-form-b4ee58a7_nonce_field\" name=\"wp-block-themeisle-blocks-form-b4ee58a7_nonce_field\" value=\"14359c4410\" \/><input type=\"hidden\" name=\"_wp_http_referer\" value=\"\/vi\/wp-json\/wp\/v2\/pages\/33\" \/><input class=\"o-anti-bot\" type=\"checkbox\"><\/div><div class=\"wp-block-button o-center o-center-tablet\"><button class=\"wp-block-button__link\" type=\"submit\">G\u1eecI<\/button><\/div><input type=\"hidden\" name=\"trp-form-language\" value=\"vi\"\/><\/form><\/div>\n<\/div>\n<\/div><\/div>","protected":false},"excerpt":{"rendered":"","protected":false},"author":2,"featured_media":0,"parent":0,"menu_order":0,"comment_status":"closed","ping_status":"closed","template":"page-templates\/template-pagebuilder-full-width.php","meta":{"neve_meta_sidebar":"","neve_meta_container":"","neve_meta_enable_content_width":"","neve_meta_content_width":0,"neve_meta_title_alignment":"","neve_meta_author_avatar":"","neve_post_elements_order":"","neve_meta_disable_header":"","neve_meta_disable_footer":"","neve_meta_disable_title":"","neve_meta_reading_time":"","_themeisle_gutenberg_block_has_review":false,"footnotes":""},"class_list":["post-33","page","type-page","status-publish","hentry"],"_hostinger_reach_plugin_has_subscription_block":false,"_hostinger_reach_plugin_is_elementor":false,"_links":{"self":[{"href":"https:\/\/pcvietnamesebusinessaward.ca\/vi\/wp-json\/wp\/v2\/pages\/33","targetHints":{"allow":["GET"]}}],"collection":[{"href":"https:\/\/pcvietnamesebusinessaward.ca\/vi\/wp-json\/wp\/v2\/pages"}],"about":[{"href":"https:\/\/pcvietnamesebusinessaward.ca\/vi\/wp-json\/wp\/v2\/types\/page"}],"author":[{"embeddable":true,"href":"https:\/\/pcvietnamesebusinessaward.ca\/vi\/wp-json\/wp\/v2\/users\/2"}],"replies":[{"embeddable":true,"href":"https:\/\/pcvietnamesebusinessaward.ca\/vi\/wp-json\/wp\/v2\/comments?post=33"}],"version-history":[{"count":37,"href":"https:\/\/pcvietnamesebusinessaward.ca\/vi\/wp-json\/wp\/v2\/pages\/33\/revisions"}],"predecessor-version":[{"id":1085,"href":"https:\/\/pcvietnamesebusinessaward.ca\/vi\/wp-json\/wp\/v2\/pages\/33\/revisions\/1085"}],"wp:attachment":[{"href":"https:\/\/pcvietnamesebusinessaward.ca\/vi\/wp-json\/wp\/v2\/media?parent=33"}],"curies":[{"name":"wp","href":"https:\/\/api.w.org\/{rel}","templated":true}]}}